{"id":18,"date":"2024-10-01T09:41:33","date_gmt":"2024-10-01T09:41:33","guid":{"rendered":"https:\/\/barmadariaga.rkinformatika.online\/?page_id=18"},"modified":"2025-03-07T15:40:52","modified_gmt":"2025-03-07T15:40:52","slug":"productos","status":"publish","type":"page","link":"https:\/\/latienditab.com\/eu\/productos\/","title":{"rendered":"Produktuak"},"content":{"rendered":"<div data-elementor-type=\"wp-page\" data-elementor-id=\"18\" class=\"elementor elementor-18\" data-elementor-post-type=\"page\">\n\t\t\t\t\t\t<section class=\"elementor-section elementor-top-section elementor-element elementor-element-2b22f8d elementor-section-boxed elementor-section-height-default elementor-section-height-default\" data-id=\"2b22f8d\" data-element_type=\"section\" data-e-type=\"section\">\n\t\t\t\t\t\t\t<div class=\"elementor-background-overlay\"><\/div>\n\t\t\t\t\t\t\t<div class=\"elementor-container elementor-column-gap-default\">\n\t\t\t\t\t<div class=\"elementor-column elementor-col-100 elementor-top-column elementor-element elementor-element-6a76968\" data-id=\"6a76968\" data-element_type=\"column\" data-e-type=\"column\">\n\t\t\t<div class=\"elementor-widget-wrap elementor-element-populated\">\n\t\t\t\t\t\t<div class=\"elementor-element elementor-element-5518a42 elementor-widget elementor-widget-heading\" data-id=\"5518a42\" data-element_type=\"widget\" data-e-type=\"widget\" data-widget_type=\"heading.default\">\n\t\t\t\t<div class=\"elementor-widget-container\">\n\t\t\t\t\t<h2 class=\"elementor-heading-title elementor-size-default\">Produktuak<\/h2>\t\t\t\t<\/div>\n\t\t\t\t<\/div>\n\t\t\t\t\t<\/div>\n\t\t<\/div>\n\t\t\t\t\t<\/div>\n\t\t<\/section>\n\t\t<div class=\"elementor-element elementor-element-ddaf337 e-flex e-con-boxed e-con e-parent\" data-id=\"ddaf337\" data-element_type=\"container\" data-e-type=\"container\">\n\t\t\t\t\t<div class=\"e-con-inner\">\n\t\t\t\t<div class=\"elementor-element elementor-element-cc0e890 elementor-widget elementor-widget-heading\" data-id=\"cc0e890\" data-element_type=\"widget\" data-e-type=\"widget\" data-widget_type=\"heading.default\">\n\t\t\t\t<div class=\"elementor-widget-container\">\n\t\t\t\t\t<h2 class=\"elementor-heading-title elementor-size-default\">Tenemos una amplia variedad de productos para satisfacer todos los antojos. <\/h2>\t\t\t\t<\/div>\n\t\t\t\t<\/div>\n\t\t\t\t\t<\/div>\n\t\t\t\t<\/div>\n\t\t<div class=\"elementor-element elementor-element-0662996 e-flex e-con-boxed e-con e-parent\" data-id=\"0662996\" data-element_type=\"container\" data-e-type=\"container\">\n\t\t\t\t\t<div class=\"e-con-inner\">\n\t\t<div class=\"elementor-element elementor-element-23ab7de e-con-full e-flex e-con e-child\" data-id=\"23ab7de\" data-element_type=\"container\" data-e-type=\"container\" data-settings=\"{&quot;background_background&quot;:&quot;classic&quot;}\">\n\t\t\t\t<div class=\"elementor-element elementor-element-d86e5a4 elementor-widget elementor-widget-image-box\" data-id=\"d86e5a4\" data-element_type=\"widget\" data-e-type=\"widget\" data-widget_type=\"image-box.default\">\n\t\t\t\t<div class=\"elementor-widget-container\">\n\t\t\t\t\t<div class=\"elementor-image-box-wrapper\"><div class=\"elementor-image-box-content\"><h3 class=\"elementor-image-box-title\">Gominolas a granel<\/h3><p class=\"elementor-image-box-description\">Ositos de goma, fresas, regaliz, nubes, caramelos \u00e1cidos, chupachups y muchas m\u00e1s delicias.<\/p><\/div><\/div>\t\t\t\t<\/div>\n\t\t\t\t<\/div>\n\t\t\t\t<\/div>\n\t\t<div class=\"elementor-element elementor-element-937abdd e-con-full e-flex e-con e-child\" data-id=\"937abdd\" data-element_type=\"container\" data-e-type=\"container\" data-settings=\"{&quot;background_background&quot;:&quot;classic&quot;}\">\n\t\t\t\t<div class=\"elementor-element elementor-element-fda6372 elementor-widget elementor-widget-image-box\" data-id=\"fda6372\" data-element_type=\"widget\" data-e-type=\"widget\" data-widget_type=\"image-box.default\">\n\t\t\t\t<div class=\"elementor-widget-container\">\n\t\t\t\t\t<div class=\"elementor-image-box-wrapper\"><div class=\"elementor-image-box-content\"><h3 class=\"elementor-image-box-title\">Snacks y Snatts<\/h3><p class=\"elementor-image-box-description\">Snacks horneados, palitos de pan con distintos sabores, frutos secos y aperitivos saludables.<\/p><\/div><\/div>\t\t\t\t<\/div>\n\t\t\t\t<\/div>\n\t\t\t\t<\/div>\n\t\t<div class=\"elementor-element elementor-element-58529d9 e-con-full e-flex e-con e-child\" data-id=\"58529d9\" data-element_type=\"container\" data-e-type=\"container\" data-settings=\"{&quot;background_background&quot;:&quot;classic&quot;}\">\n\t\t\t\t<div class=\"elementor-element elementor-element-e39297a elementor-widget elementor-widget-image-box\" data-id=\"e39297a\" data-element_type=\"widget\" data-e-type=\"widget\" data-widget_type=\"image-box.default\">\n\t\t\t\t<div class=\"elementor-widget-container\">\n\t\t\t\t\t<div class=\"elementor-image-box-wrapper\"><div class=\"elementor-image-box-content\"><h3 class=\"elementor-image-box-title\">Refrescos<\/h3><p class=\"elementor-image-box-description\">Coca-Cola, Fanta, Sprite, Aquarius, entre otros.<\/p><\/div><\/div>\t\t\t\t<\/div>\n\t\t\t\t<\/div>\n\t\t\t\t<\/div>\n\t\t\t\t\t<\/div>\n\t\t\t\t<\/div>\n\t\t<div class=\"elementor-element elementor-element-ced24cf e-flex e-con-boxed e-con e-parent\" data-id=\"ced24cf\" data-element_type=\"container\" data-e-type=\"container\">\n\t\t\t\t\t<div class=\"e-con-inner\">\n\t\t<div class=\"elementor-element elementor-element-02ce98d e-con-full e-flex e-con e-child\" data-id=\"02ce98d\" data-element_type=\"container\" data-e-type=\"container\" data-settings=\"{&quot;background_background&quot;:&quot;classic&quot;}\">\n\t\t\t\t<div class=\"elementor-element elementor-element-f862a86 elementor-widget elementor-widget-image-box\" data-id=\"f862a86\" data-element_type=\"widget\" data-e-type=\"widget\" data-widget_type=\"image-box.default\">\n\t\t\t\t<div class=\"elementor-widget-container\">\n\t\t\t\t\t<div class=\"elementor-image-box-wrapper\"><div class=\"elementor-image-box-content\"><h3 class=\"elementor-image-box-title\">Bebidas energ\u00e9ticas<\/h3><p class=\"elementor-image-box-description\">Monster, Red Bull, Burn y m\u00e1s.<\/p><\/div><\/div>\t\t\t\t<\/div>\n\t\t\t\t<\/div>\n\t\t\t\t<\/div>\n\t\t<div class=\"elementor-element elementor-element-48efff6 e-con-full e-flex e-con e-child\" data-id=\"48efff6\" data-element_type=\"container\" data-e-type=\"container\" data-settings=\"{&quot;background_background&quot;:&quot;classic&quot;}\">\n\t\t\t\t<div class=\"elementor-element elementor-element-07be033 elementor-widget elementor-widget-image-box\" data-id=\"07be033\" data-element_type=\"widget\" data-e-type=\"widget\" data-widget_type=\"image-box.default\">\n\t\t\t\t<div class=\"elementor-widget-container\">\n\t\t\t\t\t<div class=\"elementor-image-box-wrapper\"><div class=\"elementor-image-box-content\"><h3 class=\"elementor-image-box-title\">Cervezas<\/h3><p class=\"elementor-image-box-description\">Nacionales e internacionales, ideales para cualquier ocasi\u00f3n.<\/p><\/div><\/div>\t\t\t\t<\/div>\n\t\t\t\t<\/div>\n\t\t\t\t<\/div>\n\t\t<div class=\"elementor-element elementor-element-2816d1c e-con-full e-flex e-con e-child\" data-id=\"2816d1c\" data-element_type=\"container\" data-e-type=\"container\" data-settings=\"{&quot;background_background&quot;:&quot;classic&quot;}\">\n\t\t\t\t<div class=\"elementor-element elementor-element-aab7530 elementor-widget elementor-widget-image-box\" data-id=\"aab7530\" data-element_type=\"widget\" data-e-type=\"widget\" data-widget_type=\"image-box.default\">\n\t\t\t\t<div class=\"elementor-widget-container\">\n\t\t\t\t\t<div class=\"elementor-image-box-wrapper\"><div class=\"elementor-image-box-content\"><h3 class=\"elementor-image-box-title\">Servicio de Env\u00edo de Paqueter\u00eda<\/h3><p class=\"elementor-image-box-description\">Env\u00edo y recepci\u00f3n de paquetes de manera r\u00e1pida y segura.<\/p><\/div><\/div>\t\t\t\t<\/div>\n\t\t\t\t<\/div>\n\t\t\t\t<\/div>\n\t\t\t\t\t<\/div>\n\t\t\t\t<\/div>\n\t\t<div class=\"elementor-element elementor-element-afd92fb e-flex e-con-boxed e-con e-parent\" data-id=\"afd92fb\" data-element_type=\"container\" data-e-type=\"container\">\n\t\t\t\t\t<div class=\"e-con-inner\">\n\t\t\t\t<div class=\"elementor-element elementor-element-8601106 elementor-cta--skin-cover elementor-animated-content elementor-bg-transform elementor-bg-transform-zoom-in elementor-widget elementor-widget-call-to-action\" data-id=\"8601106\" data-element_type=\"widget\" data-e-type=\"widget\" data-widget_type=\"call-to-action.default\">\n\t\t\t\t<div class=\"elementor-widget-container\">\n\t\t\t\t\t\t\t<div class=\"elementor-cta\">\n\t\t\t\t\t<div class=\"elementor-cta__bg-wrapper\">\n\t\t\t\t<div class=\"elementor-cta__bg elementor-bg\" style=\"background-image: url(https:\/\/latienditab.com\/wp-content\/uploads\/2025\/02\/42298-1024x585.jpg);\" role=\"img\" aria-label=\"42298\"><\/div>\n\t\t\t\t<div class=\"elementor-cta__bg-overlay\"><\/div>\n\t\t\t<\/div>\n\t\t\t\t\t\t\t<div class=\"elementor-cta__content\">\n\t\t\t\t\n\t\t\t\t\t\t\t\t\t<h2 class=\"elementor-cta__title elementor-cta__content-item elementor-content-item elementor-animated-item--grow\">\n\t\t\t\t\t\tZatoz Tiendita ezagutzera!\t\t\t\t\t<\/h2>\n\t\t\t\t\n\t\t\t\t\n\t\t\t\t\t\t\t\t\t<div class=\"elementor-cta__button-wrapper elementor-cta__content-item elementor-content-item elementor-animated-item--grow\">\n\t\t\t\t\t<a class=\"elementor-cta__button elementor-button elementor-size-\" href=\"https:\/\/latienditab.com\/eu\/contacto\/\">\n\t\t\t\t\t\tKontaktua\t\t\t\t\t<\/a>\n\t\t\t\t\t<\/div>\n\t\t\t\t\t\t\t<\/div>\n\t\t\t\t\t\t<\/div>\n\t\t\t\t\t\t<\/div>\n\t\t\t\t<\/div>\n\t\t\t\t\t<\/div>\n\t\t\t\t<\/div>\n\t\t\t\t<\/div>","protected":false},"excerpt":{"rendered":"<p>Productos Tenemos una amplia variedad de productos para satisfacer todos los antojos. Gominolas a granel Ositos de goma, fresas, regaliz, nubes, caramelos \u00e1cidos, chupachups y muchas m\u00e1s delicias. Snacks y Snatts Snacks horneados, palitos de pan con distintos sabores, frutos secos y aperitivos saludables. Refrescos Coca-Cola, Fanta, Sprite, Aquarius, entre otros. Bebidas energ\u00e9ticas Monster, Red [&hellip;]<\/p>\n","protected":false},"author":3,"featured_media":0,"parent":0,"menu_order":0,"comment_status":"closed","ping_status":"closed","template":"elementor_canvas","meta":{"footnotes":""},"class_list":["post-18","page","type-page","status-publish","hentry"],"yoast_head":"<!-- This site is optimized with the Yoast SEO plugin v27.3 - https:\/\/yoast.com\/product\/yoast-seo-wordpress\/ -->\n<title>Productos - La Tiendita<\/title>\n<meta name=\"robots\" content=\"index, follow, max-snippet:-1, max-image-preview:large, max-video-preview:-1\" \/>\n<link rel=\"canonical\" href=\"https:\/\/latienditab.com\/eu\/productos\/\" \/>\n<meta property=\"og:locale\" content=\"en_US\" \/>\n<meta property=\"og:type\" content=\"article\" \/>\n<meta property=\"og:title\" content=\"Productos - La Tiendita\" \/>\n<meta property=\"og:description\" content=\"Productos Tenemos una amplia variedad de productos para satisfacer todos los antojos. Gominolas a granel Ositos de goma, fresas, regaliz, nubes, caramelos \u00e1cidos, chupachups y muchas m\u00e1s delicias. Snacks y Snatts Snacks horneados, palitos de pan con distintos sabores, frutos secos y aperitivos saludables. Refrescos Coca-Cola, Fanta, Sprite, Aquarius, entre otros. Bebidas energ\u00e9ticas Monster, Red [&hellip;]\" \/>\n<meta property=\"og:url\" content=\"https:\/\/latienditab.com\/eu\/productos\/\" \/>\n<meta property=\"og:site_name\" content=\"La Tiendita\" \/>\n<meta property=\"article:modified_time\" content=\"2025-03-07T15:40:52+00:00\" \/>\n<meta name=\"twitter:card\" content=\"summary_large_image\" \/>\n<meta name=\"twitter:label1\" content=\"Est. reading time\" \/>\n\t<meta name=\"twitter:data1\" content=\"1 minutua\" \/>\n<script type=\"application\/ld+json\" class=\"yoast-schema-graph\">{\"@context\":\"https:\\\/\\\/schema.org\",\"@graph\":[{\"@type\":\"WebPage\",\"@id\":\"https:\\\/\\\/latienditab.com\\\/productos\\\/\",\"url\":\"https:\\\/\\\/latienditab.com\\\/productos\\\/\",\"name\":\"Productos - La Tiendita\",\"isPartOf\":{\"@id\":\"https:\\\/\\\/latienditab.com\\\/#website\"},\"datePublished\":\"2024-10-01T09:41:33+00:00\",\"dateModified\":\"2025-03-07T15:40:52+00:00\",\"breadcrumb\":{\"@id\":\"https:\\\/\\\/latienditab.com\\\/productos\\\/#breadcrumb\"},\"inLanguage\":\"eu\",\"potentialAction\":[{\"@type\":\"ReadAction\",\"target\":[\"https:\\\/\\\/latienditab.com\\\/productos\\\/\"]}]},{\"@type\":\"BreadcrumbList\",\"@id\":\"https:\\\/\\\/latienditab.com\\\/productos\\\/#breadcrumb\",\"itemListElement\":[{\"@type\":\"ListItem\",\"position\":1,\"name\":\"Portada\",\"item\":\"https:\\\/\\\/latienditab.com\\\/\"},{\"@type\":\"ListItem\",\"position\":2,\"name\":\"Productos\"}]},{\"@type\":\"WebSite\",\"@id\":\"https:\\\/\\\/latienditab.com\\\/#website\",\"url\":\"https:\\\/\\\/latienditab.com\\\/\",\"name\":\"La Tiendita\",\"description\":\"Tienda de gominolas, Snacks, bebidas y juguetes.\",\"publisher\":{\"@id\":\"https:\\\/\\\/latienditab.com\\\/#organization\"},\"potentialAction\":[{\"@type\":\"SearchAction\",\"target\":{\"@type\":\"EntryPoint\",\"urlTemplate\":\"https:\\\/\\\/latienditab.com\\\/?s={search_term_string}\"},\"query-input\":{\"@type\":\"PropertyValueSpecification\",\"valueRequired\":true,\"valueName\":\"search_term_string\"}}],\"inLanguage\":\"eu\"},{\"@type\":\"Organization\",\"@id\":\"https:\\\/\\\/latienditab.com\\\/#organization\",\"name\":\"La Tiendita\",\"url\":\"https:\\\/\\\/latienditab.com\\\/\",\"logo\":{\"@type\":\"ImageObject\",\"inLanguage\":\"eu\",\"@id\":\"https:\\\/\\\/latienditab.com\\\/#\\\/schema\\\/logo\\\/image\\\/\",\"url\":\"https:\\\/\\\/latienditab.com\\\/wp-content\\\/uploads\\\/2025\\\/02\\\/cropped-La-Tiendita.png\",\"contentUrl\":\"https:\\\/\\\/latienditab.com\\\/wp-content\\\/uploads\\\/2025\\\/02\\\/cropped-La-Tiendita.png\",\"width\":389,\"height\":222,\"caption\":\"La Tiendita\"},\"image\":{\"@id\":\"https:\\\/\\\/latienditab.com\\\/#\\\/schema\\\/logo\\\/image\\\/\"}}]}<\/script>\n<!-- \/ Yoast SEO plugin. -->","yoast_head_json":{"title":"Productos - La Tiendita","robots":{"index":"index","follow":"follow","max-snippet":"max-snippet:-1","max-image-preview":"max-image-preview:large","max-video-preview":"max-video-preview:-1"},"canonical":"https:\/\/latienditab.com\/eu\/productos\/","og_locale":"en_US","og_type":"article","og_title":"Productos - La Tiendita","og_description":"Productos Tenemos una amplia variedad de productos para satisfacer todos los antojos. Gominolas a granel Ositos de goma, fresas, regaliz, nubes, caramelos \u00e1cidos, chupachups y muchas m\u00e1s delicias. Snacks y Snatts Snacks horneados, palitos de pan con distintos sabores, frutos secos y aperitivos saludables. Refrescos Coca-Cola, Fanta, Sprite, Aquarius, entre otros. Bebidas energ\u00e9ticas Monster, Red [&hellip;]","og_url":"https:\/\/latienditab.com\/eu\/productos\/","og_site_name":"La Tiendita","article_modified_time":"2025-03-07T15:40:52+00:00","twitter_card":"summary_large_image","twitter_misc":{"Est. reading time":"1 minutua"},"schema":{"@context":"https:\/\/schema.org","@graph":[{"@type":"WebPage","@id":"https:\/\/latienditab.com\/productos\/","url":"https:\/\/latienditab.com\/productos\/","name":"Productos - La Tiendita","isPartOf":{"@id":"https:\/\/latienditab.com\/#website"},"datePublished":"2024-10-01T09:41:33+00:00","dateModified":"2025-03-07T15:40:52+00:00","breadcrumb":{"@id":"https:\/\/latienditab.com\/productos\/#breadcrumb"},"inLanguage":"eu","potentialAction":[{"@type":"ReadAction","target":["https:\/\/latienditab.com\/productos\/"]}]},{"@type":"BreadcrumbList","@id":"https:\/\/latienditab.com\/productos\/#breadcrumb","itemListElement":[{"@type":"ListItem","position":1,"name":"Portada","item":"https:\/\/latienditab.com\/"},{"@type":"ListItem","position":2,"name":"Productos"}]},{"@type":"WebSite","@id":"https:\/\/latienditab.com\/#website","url":"https:\/\/latienditab.com\/","name":"La Tiendita","description":"Tienda de gominolas, Snacks, bebidas y juguetes.","publisher":{"@id":"https:\/\/latienditab.com\/#organization"},"potentialAction":[{"@type":"SearchAction","target":{"@type":"EntryPoint","urlTemplate":"https:\/\/latienditab.com\/?s={search_term_string}"},"query-input":{"@type":"PropertyValueSpecification","valueRequired":true,"valueName":"search_term_string"}}],"inLanguage":"eu"},{"@type":"Organization","@id":"https:\/\/latienditab.com\/#organization","name":"La Tiendita","url":"https:\/\/latienditab.com\/","logo":{"@type":"ImageObject","inLanguage":"eu","@id":"https:\/\/latienditab.com\/#\/schema\/logo\/image\/","url":"https:\/\/latienditab.com\/wp-content\/uploads\/2025\/02\/cropped-La-Tiendita.png","contentUrl":"https:\/\/latienditab.com\/wp-content\/uploads\/2025\/02\/cropped-La-Tiendita.png","width":389,"height":222,"caption":"La Tiendita"},"image":{"@id":"https:\/\/latienditab.com\/#\/schema\/logo\/image\/"}}]}},"_links":{"self":[{"href":"https:\/\/latienditab.com\/eu\/wp-json\/wp\/v2\/pages\/18","targetHints":{"allow":["GET"]}}],"collection":[{"href":"https:\/\/latienditab.com\/eu\/wp-json\/wp\/v2\/pages"}],"about":[{"href":"https:\/\/latienditab.com\/eu\/wp-json\/wp\/v2\/types\/page"}],"author":[{"embeddable":true,"href":"https:\/\/latienditab.com\/eu\/wp-json\/wp\/v2\/users\/3"}],"replies":[{"embeddable":true,"href":"https:\/\/latienditab.com\/eu\/wp-json\/wp\/v2\/comments?post=18"}],"version-history":[{"count":320,"href":"https:\/\/latienditab.com\/eu\/wp-json\/wp\/v2\/pages\/18\/revisions"}],"predecessor-version":[{"id":1235,"href":"https:\/\/latienditab.com\/eu\/wp-json\/wp\/v2\/pages\/18\/revisions\/1235"}],"wp:attachment":[{"href":"https:\/\/latienditab.com\/eu\/wp-json\/wp\/v2\/media?parent=18"}],"curies":[{"name":"wp","href":"https:\/\/api.w.org\/{rel}","templated":true}]}}