{"id":2,"date":"2024-10-01T07:57:46","date_gmt":"2024-10-01T07:57:46","guid":{"rendered":"https:\/\/barmadariaga.rkinformatika.online\/?page_id=2"},"modified":"2025-03-07T16:32:56","modified_gmt":"2025-03-07T16:32:56","slug":"inicio","status":"publish","type":"page","link":"https:\/\/latienditab.com\/eu\/","title":{"rendered":"Hasiera"},"content":{"rendered":"<div data-elementor-type=\"wp-page\" data-elementor-id=\"2\" class=\"elementor elementor-2\" data-elementor-post-type=\"page\">\n\t\t\t\t\t\t<section class=\"elementor-section elementor-top-section elementor-element elementor-element-28c25b9d elementor-section-boxed elementor-section-height-default elementor-section-height-default\" data-id=\"28c25b9d\" data-element_type=\"section\" data-e-type=\"section\">\n\t\t\t\t\t\t\t<div class=\"elementor-background-overlay\"><\/div>\n\t\t\t\t\t\t\t<div class=\"elementor-container elementor-column-gap-default\">\n\t\t\t\t\t<div class=\"elementor-column elementor-col-100 elementor-top-column elementor-element elementor-element-e7b8d34\" data-id=\"e7b8d34\" data-element_type=\"column\" data-e-type=\"column\">\n\t\t\t<div class=\"elementor-widget-wrap elementor-element-populated\">\n\t\t\t\t\t\t<div class=\"elementor-element elementor-element-84070cc elementor-widget elementor-widget-heading\" data-id=\"84070cc\" data-element_type=\"widget\" data-e-type=\"widget\" data-widget_type=\"heading.default\">\n\t\t\t\t<div class=\"elementor-widget-container\">\n\t\t\t\t\t<h2 class=\"elementor-heading-title elementor-size-default\">LA TIENDITA<\/h2>\t\t\t\t<\/div>\n\t\t\t\t<\/div>\n\t\t\t\t\t<\/div>\n\t\t<\/div>\n\t\t\t\t\t<\/div>\n\t\t<\/section>\n\t\t\t\t<section class=\"elementor-section elementor-top-section elementor-element elementor-element-5d9377e3 elementor-section-content-middle elementor-section-boxed elementor-section-height-default elementor-section-height-default\" data-id=\"5d9377e3\" data-element_type=\"section\" data-e-type=\"section\" data-settings=\"{&quot;background_background&quot;:&quot;classic&quot;}\">\n\t\t\t\t\t\t\t<div class=\"elementor-background-overlay\"><\/div>\n\t\t\t\t\t\t\t<div class=\"elementor-container elementor-column-gap-default\">\n\t\t\t\t\t<div class=\"elementor-column elementor-col-50 elementor-top-column elementor-element elementor-element-773819b5 elementor-invisible\" data-id=\"773819b5\" data-element_type=\"column\" data-e-type=\"column\" data-settings=\"{&quot;animation&quot;:&quot;fadeInLeft&quot;}\">\n\t\t\t<div class=\"elementor-widget-wrap elementor-element-populated\">\n\t\t\t\t\t\t<div class=\"elementor-element elementor-element-e04149f elementor-invisible elementor-widget elementor-widget-heading\" data-id=\"e04149f\" data-element_type=\"widget\" data-e-type=\"widget\" data-settings=\"{&quot;_animation&quot;:&quot;fadeInUp&quot;}\" data-widget_type=\"heading.default\">\n\t\t\t\t<div class=\"elementor-widget-container\">\n\t\t\t\t\t<h2 class=\"elementor-heading-title elementor-size-default\">Guri buruz<\/h2>\t\t\t\t<\/div>\n\t\t\t\t<\/div>\n\t\t\t\t<div class=\"elementor-element elementor-element-5c24a83a elementor-invisible elementor-widget elementor-widget-text-editor\" data-id=\"5c24a83a\" data-element_type=\"widget\" data-e-type=\"widget\" data-settings=\"{&quot;_animation&quot;:&quot;fadeInUp&quot;}\" data-widget_type=\"text-editor.default\">\n\t\t\t\t<div class=\"elementor-widget-container\">\n\t\t\t\t\t\t\t\t\t<p data-start=\"63\" data-end=\"378\">Tienditan, ontziratu gabeko gominolen aukera zabala eskaintzen dizugu, eta edozein unetan gozatzeko zapore eta testura ugariren artean aukeratzeko aukera ematen dizugu. Gainera, Snatts zoragarri eta kurruskariak ditugu, snack zaporetsu eta arin baten bila dabiltzanentzat ezin hobeak.<\/p><p data-start=\"380\" data-end=\"541\">Laguntzeko, edari sorta handia jartzen dugu zure eskura, freskagarriak, energetikoak eta garagardoak barne, beti hotzak eta gozatzeko prest.<\/p>\t\t\t\t\t\t\t\t<\/div>\n\t\t\t\t<\/div>\n\t\t\t\t<div class=\"elementor-element elementor-element-35d38aac elementor-invisible elementor-widget elementor-widget-text-editor\" data-id=\"35d38aac\" data-element_type=\"widget\" data-e-type=\"widget\" data-settings=\"{&quot;_animation&quot;:&quot;fadeInUp&quot;}\" data-widget_type=\"text-editor.default\">\n\t\t\t\t<div class=\"elementor-widget-container\">\n\t\t\t\t\t\t\t\t\t<p>Baina hori ez da dena, Tienditan paketeak bidaltzeko zerbitzua ere eskaintzen dizugu, zure bidalketak azkar eta eroso egiteko.<\/p>\t\t\t\t\t\t\t\t<\/div>\n\t\t\t\t<\/div>\n\t\t\t\t\t<\/div>\n\t\t<\/div>\n\t\t\t\t<div class=\"elementor-column elementor-col-50 elementor-top-column elementor-element elementor-element-198b79f5\" data-id=\"198b79f5\" data-element_type=\"column\" data-e-type=\"column\" data-settings=\"{&quot;background_background&quot;:&quot;classic&quot;}\">\n\t\t\t<div class=\"elementor-widget-wrap elementor-element-populated\">\n\t\t\t\t\t\t<div class=\"elementor-element elementor-element-6516a7c elementor-widget elementor-widget-image\" data-id=\"6516a7c\" data-element_type=\"widget\" data-e-type=\"widget\" data-widget_type=\"image.default\">\n\t\t\t\t<div class=\"elementor-widget-container\">\n\t\t\t\t\t\t\t\t\t\t\t\t\t\t\t<img fetchpriority=\"high\" decoding=\"async\" width=\"768\" height=\"970\" src=\"https:\/\/latienditab.com\/wp-content\/uploads\/2025\/02\/2151281980-768x970.jpg\" class=\"attachment-medium_large size-medium_large wp-image-1107\" alt=\"\" srcset=\"https:\/\/latienditab.com\/wp-content\/uploads\/2025\/02\/2151281980-768x970.jpg 768w, https:\/\/latienditab.com\/wp-content\/uploads\/2025\/02\/2151281980-238x300.jpg 238w, https:\/\/latienditab.com\/wp-content\/uploads\/2025\/02\/2151281980-811x1024.jpg 811w, https:\/\/latienditab.com\/wp-content\/uploads\/2025\/02\/2151281980-10x12.jpg 10w, https:\/\/latienditab.com\/wp-content\/uploads\/2025\/02\/2151281980.jpg 1188w\" sizes=\"(max-width: 768px) 100vw, 768px\" \/>\t\t\t\t\t\t\t\t\t\t\t\t\t\t\t<\/div>\n\t\t\t\t<\/div>\n\t\t\t\t\t<\/div>\n\t\t<\/div>\n\t\t\t\t\t<\/div>\n\t\t<\/section>\n\t\t<div class=\"elementor-element elementor-element-2607aee e-flex e-con-boxed e-con e-parent\" data-id=\"2607aee\" data-element_type=\"container\" data-e-type=\"container\">\n\t\t\t\t\t<div class=\"e-con-inner\">\n\t\t\t\t<div class=\"elementor-element elementor-element-56bc6eb elementor-cta--skin-cover elementor-animated-content elementor-bg-transform elementor-bg-transform-zoom-in elementor-widget elementor-widget-call-to-action\" data-id=\"56bc6eb\" data-element_type=\"widget\" data-e-type=\"widget\" data-widget_type=\"call-to-action.default\">\n\t\t\t\t<div class=\"elementor-widget-container\">\n\t\t\t\t\t\t\t<div class=\"elementor-cta\">\n\t\t\t\t\t<div class=\"elementor-cta__bg-wrapper\">\n\t\t\t\t<div class=\"elementor-cta__bg elementor-bg\" style=\"background-image: url(https:\/\/latienditab.com\/wp-content\/uploads\/2025\/02\/42298-1024x585.jpg);\" role=\"img\" aria-label=\"42298\"><\/div>\n\t\t\t\t<div class=\"elementor-cta__bg-overlay\"><\/div>\n\t\t\t<\/div>\n\t\t\t\t\t\t\t<div class=\"elementor-cta__content\">\n\t\t\t\t\n\t\t\t\t\t\t\t\t\t<h2 class=\"elementor-cta__title elementor-cta__content-item elementor-content-item elementor-animated-item--grow\">\n\t\t\t\t\t\tZatoz Tiendita ezagutzera!\t\t\t\t\t<\/h2>\n\t\t\t\t\n\t\t\t\t\n\t\t\t\t\t\t\t\t\t<div class=\"elementor-cta__button-wrapper elementor-cta__content-item elementor-content-item elementor-animated-item--grow\">\n\t\t\t\t\t<a class=\"elementor-cta__button elementor-button elementor-size-\" href=\"https:\/\/latienditab.com\/eu\/productos\/\">\n\t\t\t\t\t\tProduktuak\t\t\t\t\t<\/a>\n\t\t\t\t\t<\/div>\n\t\t\t\t\t\t\t<\/div>\n\t\t\t\t\t\t<\/div>\n\t\t\t\t\t\t<\/div>\n\t\t\t\t<\/div>\n\t\t\t\t\t<\/div>\n\t\t\t\t<\/div>\n\t\t\t\t<\/div>","protected":false},"excerpt":{"rendered":"<p>LA TIENDITA Sobre Nosotros En La Tiendita, nos dedicamos a ofrecerte una amplia selecci\u00f3n de gominolas a granel, permiti\u00e9ndote elegir entre una gran variedad de sabores y texturas para disfrutar en cualquier momento. Adem\u00e1s, contamos con los deliciosos y crujientes Snatts, ideales para quienes buscan un snack sabroso y ligero. Para acompa\u00f1ar, ponemos a tu [&hellip;]<\/p>\n","protected":false},"author":3,"featured_media":0,"parent":0,"menu_order":0,"comment_status":"closed","ping_status":"closed","template":"elementor_canvas","meta":{"footnotes":""},"class_list":["post-2","page","type-page","status-publish","hentry"],"yoast_head":"<!-- This site is optimized with the Yoast SEO plugin v27.3 - https:\/\/yoast.com\/product\/yoast-seo-wordpress\/ -->\n<title>Inicio - La Tiendita<\/title>\n<meta name=\"robots\" content=\"index, follow, max-snippet:-1, max-image-preview:large, max-video-preview:-1\" \/>\n<link rel=\"canonical\" href=\"https:\/\/latienditab.com\/eu\/\" \/>\n<meta property=\"og:locale\" content=\"en_US\" \/>\n<meta property=\"og:type\" content=\"article\" \/>\n<meta property=\"og:title\" content=\"Inicio - La Tiendita\" \/>\n<meta property=\"og:description\" content=\"LA TIENDITA Sobre Nosotros En La Tiendita, nos dedicamos a ofrecerte una amplia selecci\u00f3n de gominolas a granel, permiti\u00e9ndote elegir entre una gran variedad de sabores y texturas para disfrutar en cualquier momento. Adem\u00e1s, contamos con los deliciosos y crujientes Snatts, ideales para quienes buscan un snack sabroso y ligero. Para acompa\u00f1ar, ponemos a tu [&hellip;]\" \/>\n<meta property=\"og:url\" content=\"https:\/\/latienditab.com\/eu\/\" \/>\n<meta property=\"og:site_name\" content=\"La Tiendita\" \/>\n<meta property=\"article:modified_time\" content=\"2025-03-07T16:32:56+00:00\" \/>\n<meta property=\"og:image\" content=\"https:\/\/latienditab.com\/wp-content\/uploads\/2025\/02\/2151281980.jpg\" \/>\n\t<meta property=\"og:image:width\" content=\"1188\" \/>\n\t<meta property=\"og:image:height\" content=\"1500\" \/>\n\t<meta property=\"og:image:type\" content=\"image\/jpeg\" \/>\n<meta name=\"twitter:card\" content=\"summary_large_image\" \/>\n<meta name=\"twitter:label1\" content=\"Est. reading time\" \/>\n\t<meta name=\"twitter:data1\" content=\"1 minutua\" \/>\n<script type=\"application\/ld+json\" class=\"yoast-schema-graph\">{\"@context\":\"https:\\\/\\\/schema.org\",\"@graph\":[{\"@type\":\"WebPage\",\"@id\":\"https:\\\/\\\/latienditab.com\\\/\",\"url\":\"https:\\\/\\\/latienditab.com\\\/\",\"name\":\"Inicio - La Tiendita\",\"isPartOf\":{\"@id\":\"https:\\\/\\\/latienditab.com\\\/#website\"},\"primaryImageOfPage\":{\"@id\":\"https:\\\/\\\/latienditab.com\\\/#primaryimage\"},\"image\":{\"@id\":\"https:\\\/\\\/latienditab.com\\\/#primaryimage\"},\"thumbnailUrl\":\"https:\\\/\\\/latienditab.com\\\/wp-content\\\/uploads\\\/2025\\\/02\\\/2151281980-768x970.jpg\",\"datePublished\":\"2024-10-01T07:57:46+00:00\",\"dateModified\":\"2025-03-07T16:32:56+00:00\",\"breadcrumb\":{\"@id\":\"https:\\\/\\\/latienditab.com\\\/#breadcrumb\"},\"inLanguage\":\"eu\",\"potentialAction\":[{\"@type\":\"ReadAction\",\"target\":[\"https:\\\/\\\/latienditab.com\\\/\"]}]},{\"@type\":\"ImageObject\",\"inLanguage\":\"eu\",\"@id\":\"https:\\\/\\\/latienditab.com\\\/#primaryimage\",\"url\":\"https:\\\/\\\/latienditab.com\\\/wp-content\\\/uploads\\\/2025\\\/02\\\/2151281980-768x970.jpg\",\"contentUrl\":\"https:\\\/\\\/latienditab.com\\\/wp-content\\\/uploads\\\/2025\\\/02\\\/2151281980-768x970.jpg\"},{\"@type\":\"BreadcrumbList\",\"@id\":\"https:\\\/\\\/latienditab.com\\\/#breadcrumb\",\"itemListElement\":[{\"@type\":\"ListItem\",\"position\":1,\"name\":\"Portada\",\"item\":\"https:\\\/\\\/latienditab.com\\\/\"},{\"@type\":\"ListItem\",\"position\":2,\"name\":\"Inicio\"}]},{\"@type\":\"WebSite\",\"@id\":\"https:\\\/\\\/latienditab.com\\\/#website\",\"url\":\"https:\\\/\\\/latienditab.com\\\/\",\"name\":\"La Tiendita\",\"description\":\"Tienda de gominolas, Snacks, bebidas y juguetes.\",\"publisher\":{\"@id\":\"https:\\\/\\\/latienditab.com\\\/#organization\"},\"potentialAction\":[{\"@type\":\"SearchAction\",\"target\":{\"@type\":\"EntryPoint\",\"urlTemplate\":\"https:\\\/\\\/latienditab.com\\\/?s={search_term_string}\"},\"query-input\":{\"@type\":\"PropertyValueSpecification\",\"valueRequired\":true,\"valueName\":\"search_term_string\"}}],\"inLanguage\":\"eu\"},{\"@type\":\"Organization\",\"@id\":\"https:\\\/\\\/latienditab.com\\\/#organization\",\"name\":\"La Tiendita\",\"url\":\"https:\\\/\\\/latienditab.com\\\/\",\"logo\":{\"@type\":\"ImageObject\",\"inLanguage\":\"eu\",\"@id\":\"https:\\\/\\\/latienditab.com\\\/#\\\/schema\\\/logo\\\/image\\\/\",\"url\":\"https:\\\/\\\/latienditab.com\\\/wp-content\\\/uploads\\\/2025\\\/02\\\/cropped-La-Tiendita.png\",\"contentUrl\":\"https:\\\/\\\/latienditab.com\\\/wp-content\\\/uploads\\\/2025\\\/02\\\/cropped-La-Tiendita.png\",\"width\":389,\"height\":222,\"caption\":\"La Tiendita\"},\"image\":{\"@id\":\"https:\\\/\\\/latienditab.com\\\/#\\\/schema\\\/logo\\\/image\\\/\"}}]}<\/script>\n<!-- \/ Yoast SEO plugin. -->","yoast_head_json":{"title":"Inicio - La Tiendita","robots":{"index":"index","follow":"follow","max-snippet":"max-snippet:-1","max-image-preview":"max-image-preview:large","max-video-preview":"max-video-preview:-1"},"canonical":"https:\/\/latienditab.com\/eu\/","og_locale":"en_US","og_type":"article","og_title":"Inicio - La Tiendita","og_description":"LA TIENDITA Sobre Nosotros En La Tiendita, nos dedicamos a ofrecerte una amplia selecci\u00f3n de gominolas a granel, permiti\u00e9ndote elegir entre una gran variedad de sabores y texturas para disfrutar en cualquier momento. Adem\u00e1s, contamos con los deliciosos y crujientes Snatts, ideales para quienes buscan un snack sabroso y ligero. Para acompa\u00f1ar, ponemos a tu [&hellip;]","og_url":"https:\/\/latienditab.com\/eu\/","og_site_name":"La Tiendita","article_modified_time":"2025-03-07T16:32:56+00:00","og_image":[{"width":1188,"height":1500,"url":"https:\/\/latienditab.com\/wp-content\/uploads\/2025\/02\/2151281980.jpg","type":"image\/jpeg"}],"twitter_card":"summary_large_image","twitter_misc":{"Est. reading time":"1 minutua"},"schema":{"@context":"https:\/\/schema.org","@graph":[{"@type":"WebPage","@id":"https:\/\/latienditab.com\/","url":"https:\/\/latienditab.com\/","name":"Inicio - La Tiendita","isPartOf":{"@id":"https:\/\/latienditab.com\/#website"},"primaryImageOfPage":{"@id":"https:\/\/latienditab.com\/#primaryimage"},"image":{"@id":"https:\/\/latienditab.com\/#primaryimage"},"thumbnailUrl":"https:\/\/latienditab.com\/wp-content\/uploads\/2025\/02\/2151281980-768x970.jpg","datePublished":"2024-10-01T07:57:46+00:00","dateModified":"2025-03-07T16:32:56+00:00","breadcrumb":{"@id":"https:\/\/latienditab.com\/#breadcrumb"},"inLanguage":"eu","potentialAction":[{"@type":"ReadAction","target":["https:\/\/latienditab.com\/"]}]},{"@type":"ImageObject","inLanguage":"eu","@id":"https:\/\/latienditab.com\/#primaryimage","url":"https:\/\/latienditab.com\/wp-content\/uploads\/2025\/02\/2151281980-768x970.jpg","contentUrl":"https:\/\/latienditab.com\/wp-content\/uploads\/2025\/02\/2151281980-768x970.jpg"},{"@type":"BreadcrumbList","@id":"https:\/\/latienditab.com\/#breadcrumb","itemListElement":[{"@type":"ListItem","position":1,"name":"Portada","item":"https:\/\/latienditab.com\/"},{"@type":"ListItem","position":2,"name":"Inicio"}]},{"@type":"WebSite","@id":"https:\/\/latienditab.com\/#website","url":"https:\/\/latienditab.com\/","name":"La Tiendita","description":"Tienda de gominolas, Snacks, bebidas y juguetes.","publisher":{"@id":"https:\/\/latienditab.com\/#organization"},"potentialAction":[{"@type":"SearchAction","target":{"@type":"EntryPoint","urlTemplate":"https:\/\/latienditab.com\/?s={search_term_string}"},"query-input":{"@type":"PropertyValueSpecification","valueRequired":true,"valueName":"search_term_string"}}],"inLanguage":"eu"},{"@type":"Organization","@id":"https:\/\/latienditab.com\/#organization","name":"La Tiendita","url":"https:\/\/latienditab.com\/","logo":{"@type":"ImageObject","inLanguage":"eu","@id":"https:\/\/latienditab.com\/#\/schema\/logo\/image\/","url":"https:\/\/latienditab.com\/wp-content\/uploads\/2025\/02\/cropped-La-Tiendita.png","contentUrl":"https:\/\/latienditab.com\/wp-content\/uploads\/2025\/02\/cropped-La-Tiendita.png","width":389,"height":222,"caption":"La Tiendita"},"image":{"@id":"https:\/\/latienditab.com\/#\/schema\/logo\/image\/"}}]}},"_links":{"self":[{"href":"https:\/\/latienditab.com\/eu\/wp-json\/wp\/v2\/pages\/2","targetHints":{"allow":["GET"]}}],"collection":[{"href":"https:\/\/latienditab.com\/eu\/wp-json\/wp\/v2\/pages"}],"about":[{"href":"https:\/\/latienditab.com\/eu\/wp-json\/wp\/v2\/types\/page"}],"author":[{"embeddable":true,"href":"https:\/\/latienditab.com\/eu\/wp-json\/wp\/v2\/users\/3"}],"replies":[{"embeddable":true,"href":"https:\/\/latienditab.com\/eu\/wp-json\/wp\/v2\/comments?post=2"}],"version-history":[{"count":400,"href":"https:\/\/latienditab.com\/eu\/wp-json\/wp\/v2\/pages\/2\/revisions"}],"predecessor-version":[{"id":1244,"href":"https:\/\/latienditab.com\/eu\/wp-json\/wp\/v2\/pages\/2\/revisions\/1244"}],"wp:attachment":[{"href":"https:\/\/latienditab.com\/eu\/wp-json\/wp\/v2\/media?parent=2"}],"curies":[{"name":"wp","href":"https:\/\/api.w.org\/{rel}","templated":true}]}}